{"id":1127,"date":"2025-05-30T08:57:21","date_gmt":"2025-05-30T08:57:21","guid":{"rendered":"https:\/\/oneroyal.academy\/?page_id=1127"},"modified":"2025-12-04T10:25:52","modified_gmt":"2025-12-04T10:25:52","slug":"calculators","status":"publish","type":"page","link":"https:\/\/oneroyal.academy\/pt\/calculators\/","title":{"rendered":"Calculadoras"},"content":{"rendered":"<div data-elementor-type=\"wp-page\" data-elementor-id=\"1127\" class=\"elementor elementor-1127\" data-elementor-post-type=\"page\">\n\t\t\t\t<div class=\"elementor-element elementor-element-b12d17b e-con-full hero-section-wrapper e-flex e-con e-parent\" data-id=\"b12d17b\" data-element_type=\"container\" data-e-type=\"container\">\n\t\t\t\t<div class=\"elementor-element elementor-element-998c0b2 elementor-widget elementor-widget-template\" data-id=\"998c0b2\" data-element_type=\"widget\" data-e-type=\"widget\" data-widget_type=\"template.default\">\n\t\t\t\t<div class=\"elementor-widget-container\">\n\t\t\t\t\t\t\t<div class=\"elementor-template\">\n\t\t\t\t\t<div data-elementor-type=\"section\" data-elementor-id=\"75\" class=\"elementor elementor-75\" data-elementor-post-type=\"elementor_library\">\n\t\t\t<div class=\"elementor-element elementor-element-7ab5fd80 hero-section e-flex e-con-boxed e-con e-parent\" data-id=\"7ab5fd80\" data-element_type=\"container\" data-e-type=\"container\">\n\t\t\t\t\t<div class=\"e-con-inner\">\n\t\t<div class=\"elementor-element elementor-element-515a88e e-con-full left e-flex e-con e-child\" data-id=\"515a88e\" data-element_type=\"container\" data-e-type=\"container\">\n\t\t\t\t<div class=\"elementor-element elementor-element-1e73acea hero-heading elementor-widget elementor-widget-heading\" data-id=\"1e73acea\" data-element_type=\"widget\" data-e-type=\"widget\" data-widget_type=\"heading.default\">\n\t\t\t\t<div class=\"elementor-widget-container\">\n\t\t\t\t\t<h1 class=\"elementor-heading-title elementor-size-default\">Calculadoras de negocia\u00e7\u00e3o<\/h1>\t\t\t\t<\/div>\n\t\t\t\t<\/div>\n\t\t\t\t<div class=\"elementor-element elementor-element-f81ef53 hero-description elementor-widget elementor-widget-heading\" data-id=\"f81ef53\" data-element_type=\"widget\" data-e-type=\"widget\" data-widget_type=\"heading.default\">\n\t\t\t\t<div class=\"elementor-widget-container\">\n\t\t\t\t\t<p class=\"elementor-heading-title elementor-size-default\">Utilize ferramentas de gest\u00e3o de risco s\u00f3lidas para tirar o m\u00e1ximo partido das suas transac\u00e7\u00f5es.<\/p>\t\t\t\t<\/div>\n\t\t\t\t<\/div>\n\t\t<div class=\"elementor-element elementor-element-f2b1eac e-con-full ctas e-flex e-con e-child\" data-id=\"f2b1eac\" data-element_type=\"container\" data-e-type=\"container\">\n\t\t\t\t<\/div>\n\t\t\t\t<\/div>\n\t\t<div class=\"elementor-element elementor-element-591de12a e-con-full right e-flex e-con e-child\" data-id=\"591de12a\" data-element_type=\"container\" data-e-type=\"container\" data-settings=\"{&quot;background_background&quot;:&quot;classic&quot;}\">\n\t\t\t\t<\/div>\n\t\t\t\t\t<\/div>\n\t\t\t\t<\/div>\n\t\t\t\t<\/div>\n\t\t\t\t<\/div>\n\t\t\t\t\t\t<\/div>\n\t\t\t\t<\/div>\n\t\t\t\t<\/div>\n\t\t<div class=\"elementor-element elementor-element-c0e79bd image-text-bloc-2c-container e-flex e-con-boxed e-con e-parent\" data-id=\"c0e79bd\" data-element_type=\"container\" data-e-type=\"container\">\n\t\t\t\t\t<div class=\"e-con-inner\">\n\t\t\t\t<div class=\"elementor-element elementor-element-8acd6ff elementor-widget elementor-widget-template\" data-id=\"8acd6ff\" data-element_type=\"widget\" data-e-type=\"widget\" data-widget_type=\"template.default\">\n\t\t\t\t<div class=\"elementor-widget-container\">\n\t\t\t\t\t\t\t<div class=\"elementor-template\">\n\t\t\t\t\t<div data-elementor-type=\"section\" data-elementor-id=\"72\" class=\"elementor elementor-72\" data-elementor-post-type=\"elementor_library\">\n\t\t\t<div class=\"elementor-element elementor-element-72bc0faf image-text-bloc-2c e-flex e-con-boxed e-con e-parent\" data-id=\"72bc0faf\" data-element_type=\"container\" data-e-type=\"container\">\n\t\t\t\t\t<div class=\"e-con-inner\">\n\t\t<div class=\"elementor-element elementor-element-2668c3 e-con-full image e-flex e-con e-child\" data-id=\"2668c3\" data-element_type=\"container\" data-e-type=\"container\" data-settings=\"{&quot;background_background&quot;:&quot;classic&quot;}\">\n\t\t\t\t<\/div>\n\t\t<div class=\"elementor-element elementor-element-2be4ecb9 e-con-full e-flex e-con e-child\" data-id=\"2be4ecb9\" data-element_type=\"container\" data-e-type=\"container\">\n\t\t\t\t<div class=\"elementor-element elementor-element-648fd18b t-36 elementor-widget elementor-widget-heading\" data-id=\"648fd18b\" data-element_type=\"widget\" data-e-type=\"widget\" data-widget_type=\"heading.default\">\n\t\t\t\t<div class=\"elementor-widget-container\">\n\t\t\t\t\t<h2 class=\"elementor-heading-title elementor-size-default\">Melhorar a gest\u00e3o do risco na negocia\u00e7\u00e3o<\/h2>\t\t\t\t<\/div>\n\t\t\t\t<\/div>\n\t\t\t\t<div class=\"elementor-element elementor-element-66d2ac53 t-18 elementor-widget elementor-widget-heading\" data-id=\"66d2ac53\" data-element_type=\"widget\" data-e-type=\"widget\" data-widget_type=\"heading.default\">\n\t\t\t\t<div class=\"elementor-widget-container\">\n\t\t\t\t\t<p class=\"elementor-heading-title elementor-size-default\"><p>Explore o conjunto de calculadoras de negocia\u00e7\u00e3o da OneRoyal concebidas para o ajudar a identificar e gerir o risco em cada transa\u00e7\u00e3o.<\/p>\n<p>Aceda \u00e0s nossas calculadoras forex para avaliar margens, valores de pip, tamanhos de posi\u00e7\u00e3o e muito mais. Estas ferramentas de gest\u00e3o de risco adaptam-se a qualquer estilo de negocia\u00e7\u00e3o e s\u00e3o uma parte importante de uma estrat\u00e9gia de negocia\u00e7\u00e3o forex s\u00f3lida.<\/p>\n<\/p>\t\t\t\t<\/div>\n\t\t\t\t<\/div>\n\t\t\t\t<\/div>\n\t\t\t\t\t<\/div>\n\t\t\t\t<\/div>\n\t\t\t\t<\/div>\n\t\t\t\t<\/div>\n\t\t\t\t\t\t<\/div>\n\t\t\t\t<\/div>\n\t\t\t\t\t<\/div>\n\t\t\t\t<\/div>\n\t\t<div class=\"elementor-element elementor-element-00f01ac image-icons-2-columns e-flex e-con-boxed e-con e-parent\" data-id=\"00f01ac\" data-element_type=\"container\" data-e-type=\"container\">\n\t\t\t\t\t<div class=\"e-con-inner\">\n\t\t<div class=\"elementor-element elementor-element-bcf9a48 e-con-full e-flex e-con e-child\" data-id=\"bcf9a48\" data-element_type=\"container\" data-e-type=\"container\">\n\t\t<div class=\"elementor-element elementor-element-de7ed6e e-con-full image-icons-2-columns-card e-flex e-con e-child\" data-id=\"de7ed6e\" data-element_type=\"container\" data-e-type=\"container\">\n\t\t\t\t<div class=\"elementor-element elementor-element-48b6c4a elementor-widget elementor-widget-image\" data-id=\"48b6c4a\" data-element_type=\"widget\" data-e-type=\"widget\" data-widget_type=\"image.default\">\n\t\t\t\t<div class=\"elementor-widget-container\">\n\t\t\t\t\t\t\t\t\t\t\t\t\t\t\t<img fetchpriority=\"high\" decoding=\"async\" width=\"800\" height=\"800\" src=\"https:\/\/OneRoyal.academy\/wp-content\/uploads\/2025\/06\/Featured-icon.svg\" class=\"attachment-large size-large wp-image-1328\" alt=\"Margin Calculator\" \/>\t\t\t\t\t\t\t\t\t\t\t\t\t\t\t<\/div>\n\t\t\t\t<\/div>\n\t\t\t\t<div class=\"elementor-element elementor-element-28d7d46 image-icons-2-columns-card-title elementor-widget elementor-widget-heading\" data-id=\"28d7d46\" data-element_type=\"widget\" data-e-type=\"widget\" data-widget_type=\"heading.default\">\n\t\t\t\t<div class=\"elementor-widget-container\">\n\t\t\t\t\t<h4 class=\"elementor-heading-title elementor-size-default\">Calculadora de margem<\/h4>\t\t\t\t<\/div>\n\t\t\t\t<\/div>\n\t\t\t\t<div class=\"elementor-element elementor-element-06bd87a image-icons-2-columns-card-description elementor-widget elementor-widget-text-editor\" data-id=\"06bd87a\" data-element_type=\"widget\" data-e-type=\"widget\" data-widget_type=\"text-editor.default\">\n\t\t\t\t<div class=\"elementor-widget-container\">\n\t\t\t\t\t\t\t\t\tIsto ajuda-o a conhecer as margens necess\u00e1rias para o seu efeito de alavanca preferido.\t\t\t\t\t\t\t\t<\/div>\n\t\t\t\t<\/div>\n\t\t\t\t<div class=\"elementor-element elementor-element-b527abd image-icons-2-columns-card-link elementor-widget elementor-widget-heading\" data-id=\"b527abd\" data-element_type=\"widget\" data-e-type=\"widget\" data-widget_type=\"heading.default\">\n\t\t\t\t<div class=\"elementor-widget-container\">\n\t\t\t\t\t<div class=\"elementor-heading-title elementor-size-default\"><a href=\"\/pt\/calculators\/margin-calculator\/\">Utilizar a calculadora de margens<\/a><\/div>\t\t\t\t<\/div>\n\t\t\t\t<\/div>\n\t\t\t\t<\/div>\n\t\t<div class=\"elementor-element elementor-element-7082e3b e-con-full image-icons-2-columns-card e-flex e-con e-child\" data-id=\"7082e3b\" data-element_type=\"container\" data-e-type=\"container\">\n\t\t\t\t<div class=\"elementor-element elementor-element-6629599 elementor-widget elementor-widget-image\" data-id=\"6629599\" data-element_type=\"widget\" data-e-type=\"widget\" data-widget_type=\"image.default\">\n\t\t\t\t<div class=\"elementor-widget-container\">\n\t\t\t\t\t\t\t\t\t\t\t\t\t\t\t<img decoding=\"async\" width=\"800\" height=\"800\" src=\"https:\/\/OneRoyal.academy\/wp-content\/uploads\/2025\/06\/Featured-icon-2.svg\" class=\"attachment-large size-large wp-image-1329\" alt=\"Currency Converter\" \/>\t\t\t\t\t\t\t\t\t\t\t\t\t\t\t<\/div>\n\t\t\t\t<\/div>\n\t\t\t\t<div class=\"elementor-element elementor-element-b0f71f4 image-icons-2-columns-card-title elementor-widget elementor-widget-heading\" data-id=\"b0f71f4\" data-element_type=\"widget\" data-e-type=\"widget\" data-widget_type=\"heading.default\">\n\t\t\t\t<div class=\"elementor-widget-container\">\n\t\t\t\t\t<h4 class=\"elementor-heading-title elementor-size-default\">Conversor de moeda<\/h4>\t\t\t\t<\/div>\n\t\t\t\t<\/div>\n\t\t\t\t<div class=\"elementor-element elementor-element-6bffaf7 image-icons-2-columns-card-description elementor-widget elementor-widget-text-editor\" data-id=\"6bffaf7\" data-element_type=\"widget\" data-e-type=\"widget\" data-widget_type=\"text-editor.default\">\n\t\t\t\t<div class=\"elementor-widget-container\">\n\t\t\t\t\t\t\t\t\tConverta valores para a sua moeda base com base na taxa de c\u00e2mbio mais recente.\t\t\t\t\t\t\t\t<\/div>\n\t\t\t\t<\/div>\n\t\t\t\t<div class=\"elementor-element elementor-element-97a02e9 image-icons-2-columns-card-link elementor-widget elementor-widget-heading\" data-id=\"97a02e9\" data-element_type=\"widget\" data-e-type=\"widget\" data-widget_type=\"heading.default\">\n\t\t\t\t<div class=\"elementor-widget-container\">\n\t\t\t\t\t<div class=\"elementor-heading-title elementor-size-default\"><a href=\"\/pt\/calculators\/currency-converter\/\">Utilizar o conversor de moeda<\/a><\/div>\t\t\t\t<\/div>\n\t\t\t\t<\/div>\n\t\t\t\t<\/div>\n\t\t<div class=\"elementor-element elementor-element-05e80e3 e-con-full image-icons-2-columns-card e-flex e-con e-child\" data-id=\"05e80e3\" data-element_type=\"container\" data-e-type=\"container\">\n\t\t\t\t<div class=\"elementor-element elementor-element-2e24f60 elementor-widget elementor-widget-image\" data-id=\"2e24f60\" data-element_type=\"widget\" data-e-type=\"widget\" data-widget_type=\"image.default\">\n\t\t\t\t<div class=\"elementor-widget-container\">\n\t\t\t\t\t\t\t\t\t\t\t\t\t\t\t<img decoding=\"async\" width=\"800\" height=\"800\" src=\"https:\/\/OneRoyal.academy\/wp-content\/uploads\/2025\/06\/Featured-icon-1.svg\" class=\"attachment-large size-large wp-image-1330\" alt=\"Pip Value Calculator\" \/>\t\t\t\t\t\t\t\t\t\t\t\t\t\t\t<\/div>\n\t\t\t\t<\/div>\n\t\t\t\t<div class=\"elementor-element elementor-element-52ec94f image-icons-2-columns-card-title elementor-widget elementor-widget-heading\" data-id=\"52ec94f\" data-element_type=\"widget\" data-e-type=\"widget\" data-widget_type=\"heading.default\">\n\t\t\t\t<div class=\"elementor-widget-container\">\n\t\t\t\t\t<h4 class=\"elementor-heading-title elementor-size-default\">Calculadora do valor do pip<\/h4>\t\t\t\t<\/div>\n\t\t\t\t<\/div>\n\t\t\t\t<div class=\"elementor-element elementor-element-90b60fd image-icons-2-columns-card-description elementor-widget elementor-widget-text-editor\" data-id=\"90b60fd\" data-element_type=\"widget\" data-e-type=\"widget\" data-widget_type=\"text-editor.default\">\n\t\t\t\t<div class=\"elementor-widget-container\">\n\t\t\t\t\t\t\t\t\tUtilize esta ferramenta de risco forex para saber o valor por pip na sua moeda base.\t\t\t\t\t\t\t\t<\/div>\n\t\t\t\t<\/div>\n\t\t\t\t<div class=\"elementor-element elementor-element-6ad8995 image-icons-2-columns-card-link elementor-widget elementor-widget-heading\" data-id=\"6ad8995\" data-element_type=\"widget\" data-e-type=\"widget\" data-widget_type=\"heading.default\">\n\t\t\t\t<div class=\"elementor-widget-container\">\n\t\t\t\t\t<div class=\"elementor-heading-title elementor-size-default\"><a href=\"\/pt\/calculators\/pip-calculator\/\">Utilizar a calculadora de valor Pip<\/a><\/div>\t\t\t\t<\/div>\n\t\t\t\t<\/div>\n\t\t\t\t<\/div>\n\t\t<div class=\"elementor-element elementor-element-334f54e e-con-full image-icons-2-columns-card e-flex e-con e-child\" data-id=\"334f54e\" data-element_type=\"container\" data-e-type=\"container\">\n\t\t\t\t<div class=\"elementor-element elementor-element-408d7ab elementor-widget elementor-widget-image\" data-id=\"408d7ab\" data-element_type=\"widget\" data-e-type=\"widget\" data-widget_type=\"image.default\">\n\t\t\t\t<div class=\"elementor-widget-container\">\n\t\t\t\t\t\t\t\t\t\t\t\t\t\t\t<img loading=\"lazy\" decoding=\"async\" width=\"800\" height=\"800\" src=\"https:\/\/OneRoyal.academy\/wp-content\/uploads\/2025\/06\/Featured-icon-3.svg\" class=\"attachment-large size-large wp-image-1331\" alt=\"Profit Calculator\" \/>\t\t\t\t\t\t\t\t\t\t\t\t\t\t\t<\/div>\n\t\t\t\t<\/div>\n\t\t\t\t<div class=\"elementor-element elementor-element-2b6cdeb image-icons-2-columns-card-title elementor-widget elementor-widget-heading\" data-id=\"2b6cdeb\" data-element_type=\"widget\" data-e-type=\"widget\" data-widget_type=\"heading.default\">\n\t\t\t\t<div class=\"elementor-widget-container\">\n\t\t\t\t\t<h4 class=\"elementor-heading-title elementor-size-default\">Calculadora de lucro<\/h4>\t\t\t\t<\/div>\n\t\t\t\t<\/div>\n\t\t\t\t<div class=\"elementor-element elementor-element-4039be5 image-icons-2-columns-card-description elementor-widget elementor-widget-text-editor\" data-id=\"4039be5\" data-element_type=\"widget\" data-e-type=\"widget\" data-widget_type=\"text-editor.default\">\n\t\t\t\t<div class=\"elementor-widget-container\">\n\t\t\t\t\t\t\t\t\tDeterminar o lucro (ou perda) de uma transa\u00e7\u00e3o. Utilizar como uma calculadora de tamanho de posi\u00e7\u00e3o.\t\t\t\t\t\t\t\t<\/div>\n\t\t\t\t<\/div>\n\t\t\t\t<div class=\"elementor-element elementor-element-f25d933 image-icons-2-columns-card-link elementor-widget elementor-widget-heading\" data-id=\"f25d933\" data-element_type=\"widget\" data-e-type=\"widget\" data-widget_type=\"heading.default\">\n\t\t\t\t<div class=\"elementor-widget-container\">\n\t\t\t\t\t<div class=\"elementor-heading-title elementor-size-default\"><a href=\"\/pt\/calculators\/profit-calculator\/\">Utilizar a calculadora de lucros<\/a><\/div>\t\t\t\t<\/div>\n\t\t\t\t<\/div>\n\t\t\t\t<\/div>\n\t\t\t\t<\/div>\n\t\t<div class=\"elementor-element elementor-element-fb51f32 e-con-full image e-flex e-con e-child\" data-id=\"fb51f32\" data-element_type=\"container\" data-e-type=\"container\" data-settings=\"{&quot;background_background&quot;:&quot;classic&quot;}\">\n\t\t\t\t<\/div>\n\t\t\t\t\t<\/div>\n\t\t\t\t<\/div>\n\t\t<div class=\"elementor-element elementor-element-071ccf2 e-flex e-con-boxed e-con e-parent\" data-id=\"071ccf2\" data-element_type=\"container\" data-e-type=\"container\" data-settings=\"{&quot;background_background&quot;:&quot;classic&quot;}\">\n\t\t\t\t\t<div class=\"e-con-inner\">\n\t\t<div class=\"elementor-element elementor-element-626d887 e-con-full e-flex e-con e-child\" data-id=\"626d887\" data-element_type=\"container\" data-e-type=\"container\" data-settings=\"{&quot;background_background&quot;:&quot;classic&quot;}\">\n\t\t<div class=\"elementor-element elementor-element-2605013 e-con-full e-flex e-con e-child\" data-id=\"2605013\" data-element_type=\"container\" data-e-type=\"container\">\n\t\t\t\t<div class=\"elementor-element elementor-element-e923702 elementor-widget elementor-widget-heading\" data-id=\"e923702\" data-element_type=\"widget\" data-e-type=\"widget\" data-widget_type=\"heading.default\">\n\t\t\t\t<div class=\"elementor-widget-container\">\n\t\t\t\t\t<h3 class=\"elementor-heading-title elementor-size-default\">Tem uma pergunta? Contacte a nossa equipa de apoio premiada.\u00a0<\/h3>\t\t\t\t<\/div>\n\t\t\t\t<\/div>\n\t\t\t\t<div class=\"elementor-element elementor-element-8c1abcc elementor-widget elementor-widget-text-editor\" data-id=\"8c1abcc\" data-element_type=\"widget\" data-e-type=\"widget\" data-widget_type=\"text-editor.default\">\n\t\t\t\t<div class=\"elementor-widget-container\">\n\t\t\t\t\t\t\t\t\t<p>Junte-se \u00e0 OneRoyal e obtenha todas as ferramentas necess\u00e1rias para uma negocia\u00e7\u00e3o forex inteligente.<\/p>\t\t\t\t\t\t\t\t<\/div>\n\t\t\t\t<\/div>\n\t\t\t\t<\/div>\n\t\t<div class=\"elementor-element elementor-element-6ced5a1 e-con-full ctas e-flex e-con e-child\" data-id=\"6ced5a1\" data-element_type=\"container\" data-e-type=\"container\">\n\t\t\t\t<div class=\"elementor-element elementor-element-27aa05d btn-royal elementor-widget elementor-widget-button\" data-id=\"27aa05d\" data-element_type=\"widget\" data-e-type=\"widget\" data-widget_type=\"button.default\">\n\t\t\t\t<div class=\"elementor-widget-container\">\n\t\t\t\t\t\t\t\t\t<div class=\"elementor-button-wrapper\">\n\t\t\t\t\t<a class=\"elementor-button elementor-button-link elementor-size-sm\" href=\"https:\/\/www.OneRoyal.com\/pt\/open-account\/sign-up?set_lang=pt\">\n\t\t\t\t\t\t<span class=\"elementor-button-content-wrapper\">\n\t\t\t\t\t\t\t\t\t<span class=\"elementor-button-text\">Abrir uma conta<\/span>\n\t\t\t\t\t<\/span>\n\t\t\t\t\t<\/a>\n\t\t\t\t<\/div>\n\t\t\t\t\t\t\t\t<\/div>\n\t\t\t\t<\/div>\n\t\t\t\t<\/div>\n\t\t\t\t<\/div>\n\t\t\t\t\t<\/div>\n\t\t\t\t<\/div>\n\t\t\t\t<\/div>","protected":false},"excerpt":{"rendered":"<p>Tem alguma d\u00favida? Contacte a nossa equipa de apoio premiada. Junte-se \u00e0 OneRoyal e obtenha todas as ferramentas de que precisa para negociar divisas de forma inteligente. Abra uma conta<\/p>","protected":false},"author":4,"featured_media":0,"parent":0,"menu_order":0,"comment_status":"closed","ping_status":"closed","template":"","meta":{"_acf_changed":false,"inline_featured_image":false,"footnotes":""},"class_list":["post-1127","page","type-page","status-publish","hentry"],"acf":[],"_links":{"self":[{"href":"https:\/\/oneroyal.academy\/pt\/wp-json\/wp\/v2\/pages\/1127","targetHints":{"allow":["GET"]}}],"collection":[{"href":"https:\/\/oneroyal.academy\/pt\/wp-json\/wp\/v2\/pages"}],"about":[{"href":"https:\/\/oneroyal.academy\/pt\/wp-json\/wp\/v2\/types\/page"}],"author":[{"embeddable":true,"href":"https:\/\/oneroyal.academy\/pt\/wp-json\/wp\/v2\/users\/4"}],"replies":[{"embeddable":true,"href":"https:\/\/oneroyal.academy\/pt\/wp-json\/wp\/v2\/comments?post=1127"}],"version-history":[{"count":61,"href":"https:\/\/oneroyal.academy\/pt\/wp-json\/wp\/v2\/pages\/1127\/revisions"}],"predecessor-version":[{"id":1861,"href":"https:\/\/oneroyal.academy\/pt\/wp-json\/wp\/v2\/pages\/1127\/revisions\/1861"}],"wp:attachment":[{"href":"https:\/\/oneroyal.academy\/pt\/wp-json\/wp\/v2\/media?parent=1127"}],"curies":[{"name":"wp","href":"https:\/\/api.w.org\/{rel}","templated":true}]}}