{"id":1127,"date":"2025-05-30T08:57:21","date_gmt":"2025-05-30T08:57:21","guid":{"rendered":"https:\/\/oneroyal.academy\/?page_id=1127"},"modified":"2025-12-04T10:25:52","modified_gmt":"2025-12-04T10:25:52","slug":"calculators","status":"publish","type":"page","link":"https:\/\/oneroyal.academy\/vi\/calculators\/","title":{"rendered":"M\u00e1y t\u00ednh"},"content":{"rendered":"<div data-elementor-type=\"wp-page\" data-elementor-id=\"1127\" class=\"elementor elementor-1127\" data-elementor-post-type=\"page\">\n\t\t\t\t<div class=\"elementor-element elementor-element-b12d17b e-con-full hero-section-wrapper e-flex e-con e-parent\" data-id=\"b12d17b\" data-element_type=\"container\" data-e-type=\"container\">\n\t\t\t\t<div class=\"elementor-element elementor-element-998c0b2 elementor-widget elementor-widget-template\" data-id=\"998c0b2\" data-element_type=\"widget\" data-e-type=\"widget\" data-widget_type=\"template.default\">\n\t\t\t\t<div class=\"elementor-widget-container\">\n\t\t\t\t\t\t\t<div class=\"elementor-template\">\n\t\t\t\t\t<div data-elementor-type=\"section\" data-elementor-id=\"75\" class=\"elementor elementor-75\" data-elementor-post-type=\"elementor_library\">\n\t\t\t<div class=\"elementor-element elementor-element-7ab5fd80 hero-section e-flex e-con-boxed e-con e-parent\" data-id=\"7ab5fd80\" data-element_type=\"container\" data-e-type=\"container\">\n\t\t\t\t\t<div class=\"e-con-inner\">\n\t\t<div class=\"elementor-element elementor-element-515a88e e-con-full left e-flex e-con e-child\" data-id=\"515a88e\" data-element_type=\"container\" data-e-type=\"container\">\n\t\t\t\t<div class=\"elementor-element elementor-element-1e73acea hero-heading elementor-widget elementor-widget-heading\" data-id=\"1e73acea\" data-element_type=\"widget\" data-e-type=\"widget\" data-widget_type=\"heading.default\">\n\t\t\t\t<div class=\"elementor-widget-container\">\n\t\t\t\t\t<h1 class=\"elementor-heading-title elementor-size-default\">M\u00e1y t\u00ednh giao d\u1ecbch<\/h1>\t\t\t\t<\/div>\n\t\t\t\t<\/div>\n\t\t\t\t<div class=\"elementor-element elementor-element-f81ef53 hero-description elementor-widget elementor-widget-heading\" data-id=\"f81ef53\" data-element_type=\"widget\" data-e-type=\"widget\" data-widget_type=\"heading.default\">\n\t\t\t\t<div class=\"elementor-widget-container\">\n\t\t\t\t\t<p class=\"elementor-heading-title elementor-size-default\">S\u1eed d\u1ee5ng c\u00e1c c\u00f4ng c\u1ee5 qu\u1ea3n l\u00fd r\u1ee7i ro h\u1ee3p l\u00fd \u0111\u1ec3 t\u1eadn d\u1ee5ng t\u1ed1i \u0111a c\u00e1c giao d\u1ecbch c\u1ee7a b\u1ea1n.<\/p>\t\t\t\t<\/div>\n\t\t\t\t<\/div>\n\t\t<div class=\"elementor-element elementor-element-f2b1eac e-con-full ctas e-flex e-con e-child\" data-id=\"f2b1eac\" data-element_type=\"container\" data-e-type=\"container\">\n\t\t\t\t<\/div>\n\t\t\t\t<\/div>\n\t\t<div class=\"elementor-element elementor-element-591de12a e-con-full right e-flex e-con e-child\" data-id=\"591de12a\" data-element_type=\"container\" data-e-type=\"container\" data-settings=\"{&quot;background_background&quot;:&quot;classic&quot;}\">\n\t\t\t\t<\/div>\n\t\t\t\t\t<\/div>\n\t\t\t\t<\/div>\n\t\t\t\t<\/div>\n\t\t\t\t<\/div>\n\t\t\t\t\t\t<\/div>\n\t\t\t\t<\/div>\n\t\t\t\t<\/div>\n\t\t<div class=\"elementor-element elementor-element-c0e79bd image-text-bloc-2c-container e-flex e-con-boxed e-con e-parent\" data-id=\"c0e79bd\" data-element_type=\"container\" data-e-type=\"container\">\n\t\t\t\t\t<div class=\"e-con-inner\">\n\t\t\t\t<div class=\"elementor-element elementor-element-8acd6ff elementor-widget elementor-widget-template\" data-id=\"8acd6ff\" data-element_type=\"widget\" data-e-type=\"widget\" data-widget_type=\"template.default\">\n\t\t\t\t<div class=\"elementor-widget-container\">\n\t\t\t\t\t\t\t<div class=\"elementor-template\">\n\t\t\t\t\t<div data-elementor-type=\"section\" data-elementor-id=\"72\" class=\"elementor elementor-72\" data-elementor-post-type=\"elementor_library\">\n\t\t\t<div class=\"elementor-element elementor-element-72bc0faf image-text-bloc-2c e-flex e-con-boxed e-con e-parent\" data-id=\"72bc0faf\" data-element_type=\"container\" data-e-type=\"container\">\n\t\t\t\t\t<div class=\"e-con-inner\">\n\t\t<div class=\"elementor-element elementor-element-2668c3 e-con-full image e-flex e-con e-child\" data-id=\"2668c3\" data-element_type=\"container\" data-e-type=\"container\" data-settings=\"{&quot;background_background&quot;:&quot;classic&quot;}\">\n\t\t\t\t<\/div>\n\t\t<div class=\"elementor-element elementor-element-2be4ecb9 e-con-full e-flex e-con e-child\" data-id=\"2be4ecb9\" data-element_type=\"container\" data-e-type=\"container\">\n\t\t\t\t<div class=\"elementor-element elementor-element-648fd18b t-36 elementor-widget elementor-widget-heading\" data-id=\"648fd18b\" data-element_type=\"widget\" data-e-type=\"widget\" data-widget_type=\"heading.default\">\n\t\t\t\t<div class=\"elementor-widget-container\">\n\t\t\t\t\t<h2 class=\"elementor-heading-title elementor-size-default\">C\u1ea3i thi\u1ec7n qu\u1ea3n l\u00fd r\u1ee7i ro trong giao d\u1ecbch<\/h2>\t\t\t\t<\/div>\n\t\t\t\t<\/div>\n\t\t\t\t<div class=\"elementor-element elementor-element-66d2ac53 t-18 elementor-widget elementor-widget-heading\" data-id=\"66d2ac53\" data-element_type=\"widget\" data-e-type=\"widget\" data-widget_type=\"heading.default\">\n\t\t\t\t<div class=\"elementor-widget-container\">\n\t\t\t\t\t<p class=\"elementor-heading-title elementor-size-default\"><p>Kh\u00e1m ph\u00e1 b\u1ed9 m\u00e1y t\u00ednh giao d\u1ecbch c\u1ee7a OneRoyal \u0111\u01b0\u1ee3c thi\u1ebft k\u1ebf \u0111\u1ec3 gi\u00fap b\u1ea1n x\u00e1c \u0111\u1ecbnh v\u00e0 qu\u1ea3n l\u00fd r\u1ee7i ro trong m\u1ecdi giao d\u1ecbch.<\/p>\n<p>Truy c\u1eadp c\u00e1c c\u00f4ng c\u1ee5 t\u00ednh to\u00e1n ngo\u1ea1i h\u1ed1i c\u1ee7a ch\u00fang t\u00f4i \u0111\u1ec3 \u0111\u00e1nh gi\u00e1 bi\u00ean \u0111\u1ed9 l\u1ee3i nhu\u1eadn, gi\u00e1 tr\u1ecb pip, quy m\u00f4 v\u1ecb th\u1ebf, v.v. C\u00e1c c\u00f4ng c\u1ee5 qu\u1ea3n l\u00fd r\u1ee7i ro n\u00e0y ph\u00f9 h\u1ee3p v\u1edbi m\u1ecdi phong c\u00e1ch giao d\u1ecbch v\u00e0 l\u00e0 m\u1ed9t ph\u1ea7n quan tr\u1ecdng c\u1ee7a m\u1ed9t chi\u1ebfn l\u01b0\u1ee3c giao d\u1ecbch ngo\u1ea1i h\u1ed1i v\u1eefng ch\u1eafc.<\/p>\n<\/p>\t\t\t\t<\/div>\n\t\t\t\t<\/div>\n\t\t\t\t<\/div>\n\t\t\t\t\t<\/div>\n\t\t\t\t<\/div>\n\t\t\t\t<\/div>\n\t\t\t\t<\/div>\n\t\t\t\t\t\t<\/div>\n\t\t\t\t<\/div>\n\t\t\t\t\t<\/div>\n\t\t\t\t<\/div>\n\t\t<div class=\"elementor-element elementor-element-00f01ac image-icons-2-columns e-flex e-con-boxed e-con e-parent\" data-id=\"00f01ac\" data-element_type=\"container\" data-e-type=\"container\">\n\t\t\t\t\t<div class=\"e-con-inner\">\n\t\t<div class=\"elementor-element elementor-element-bcf9a48 e-con-full e-flex e-con e-child\" data-id=\"bcf9a48\" data-element_type=\"container\" data-e-type=\"container\">\n\t\t<div class=\"elementor-element elementor-element-de7ed6e e-con-full image-icons-2-columns-card e-flex e-con e-child\" data-id=\"de7ed6e\" data-element_type=\"container\" data-e-type=\"container\">\n\t\t\t\t<div class=\"elementor-element elementor-element-48b6c4a elementor-widget elementor-widget-image\" data-id=\"48b6c4a\" data-element_type=\"widget\" data-e-type=\"widget\" data-widget_type=\"image.default\">\n\t\t\t\t<div class=\"elementor-widget-container\">\n\t\t\t\t\t\t\t\t\t\t\t\t\t\t\t<img fetchpriority=\"high\" decoding=\"async\" width=\"800\" height=\"800\" src=\"https:\/\/OneRoyal.academy\/wp-content\/uploads\/2025\/06\/Featured-icon.svg\" class=\"attachment-large size-large wp-image-1328\" alt=\"Margin Calculator\" \/>\t\t\t\t\t\t\t\t\t\t\t\t\t\t\t<\/div>\n\t\t\t\t<\/div>\n\t\t\t\t<div class=\"elementor-element elementor-element-28d7d46 image-icons-2-columns-card-title elementor-widget elementor-widget-heading\" data-id=\"28d7d46\" data-element_type=\"widget\" data-e-type=\"widget\" data-widget_type=\"heading.default\">\n\t\t\t\t<div class=\"elementor-widget-container\">\n\t\t\t\t\t<h4 class=\"elementor-heading-title elementor-size-default\">M\u00e1y t\u00ednh bi\u00ean \u0111\u1ed9<\/h4>\t\t\t\t<\/div>\n\t\t\t\t<\/div>\n\t\t\t\t<div class=\"elementor-element elementor-element-06bd87a image-icons-2-columns-card-description elementor-widget elementor-widget-text-editor\" data-id=\"06bd87a\" data-element_type=\"widget\" data-e-type=\"widget\" data-widget_type=\"text-editor.default\">\n\t\t\t\t<div class=\"elementor-widget-container\">\n\t\t\t\t\t\t\t\t\t\u0110i\u1ec1u n\u00e0y gi\u00fap b\u1ea1n bi\u1ebft \u0111\u01b0\u1ee3c m\u1ee9c k\u00fd qu\u1ef9 c\u1ea7n thi\u1ebft cho \u0111\u00f2n b\u1ea9y m\u00e0 b\u1ea1n \u01b0a th\u00edch.\t\t\t\t\t\t\t\t<\/div>\n\t\t\t\t<\/div>\n\t\t\t\t<div class=\"elementor-element elementor-element-b527abd image-icons-2-columns-card-link elementor-widget elementor-widget-heading\" data-id=\"b527abd\" data-element_type=\"widget\" data-e-type=\"widget\" data-widget_type=\"heading.default\">\n\t\t\t\t<div class=\"elementor-widget-container\">\n\t\t\t\t\t<div class=\"elementor-heading-title elementor-size-default\"><a href=\"\/vi\/calculators\/margin-calculator\/\">S\u1eed d\u1ee5ng M\u00e1y t\u00ednh bi\u00ean \u0111\u1ed9<\/a><\/div>\t\t\t\t<\/div>\n\t\t\t\t<\/div>\n\t\t\t\t<\/div>\n\t\t<div class=\"elementor-element elementor-element-7082e3b e-con-full image-icons-2-columns-card e-flex e-con e-child\" data-id=\"7082e3b\" data-element_type=\"container\" data-e-type=\"container\">\n\t\t\t\t<div class=\"elementor-element elementor-element-6629599 elementor-widget elementor-widget-image\" data-id=\"6629599\" data-element_type=\"widget\" data-e-type=\"widget\" data-widget_type=\"image.default\">\n\t\t\t\t<div class=\"elementor-widget-container\">\n\t\t\t\t\t\t\t\t\t\t\t\t\t\t\t<img decoding=\"async\" width=\"800\" height=\"800\" src=\"https:\/\/OneRoyal.academy\/wp-content\/uploads\/2025\/06\/Featured-icon-2.svg\" class=\"attachment-large size-large wp-image-1329\" alt=\"Currency Converter\" \/>\t\t\t\t\t\t\t\t\t\t\t\t\t\t\t<\/div>\n\t\t\t\t<\/div>\n\t\t\t\t<div class=\"elementor-element elementor-element-b0f71f4 image-icons-2-columns-card-title elementor-widget elementor-widget-heading\" data-id=\"b0f71f4\" data-element_type=\"widget\" data-e-type=\"widget\" data-widget_type=\"heading.default\">\n\t\t\t\t<div class=\"elementor-widget-container\">\n\t\t\t\t\t<h4 class=\"elementor-heading-title elementor-size-default\">B\u1ed9 chuy\u1ec3n \u0111\u1ed5i ti\u1ec1n t\u1ec7<\/h4>\t\t\t\t<\/div>\n\t\t\t\t<\/div>\n\t\t\t\t<div class=\"elementor-element elementor-element-6bffaf7 image-icons-2-columns-card-description elementor-widget elementor-widget-text-editor\" data-id=\"6bffaf7\" data-element_type=\"widget\" data-e-type=\"widget\" data-widget_type=\"text-editor.default\">\n\t\t\t\t<div class=\"elementor-widget-container\">\n\t\t\t\t\t\t\t\t\tChuy\u1ec3n \u0111\u1ed5i gi\u00e1 tr\u1ecb sang \u0111\u01a1n v\u1ecb ti\u1ec1n t\u1ec7 c\u01a1 s\u1edf c\u1ee7a b\u1ea1n d\u1ef1a tr\u00ean t\u1ef7 gi\u00e1 h\u1ed1i \u0111o\u00e1i m\u1edbi nh\u1ea5t.\t\t\t\t\t\t\t\t<\/div>\n\t\t\t\t<\/div>\n\t\t\t\t<div class=\"elementor-element elementor-element-97a02e9 image-icons-2-columns-card-link elementor-widget elementor-widget-heading\" data-id=\"97a02e9\" data-element_type=\"widget\" data-e-type=\"widget\" data-widget_type=\"heading.default\">\n\t\t\t\t<div class=\"elementor-widget-container\">\n\t\t\t\t\t<div class=\"elementor-heading-title elementor-size-default\"><a href=\"\/vi\/calculators\/currency-converter\/\">S\u1eed d\u1ee5ng B\u1ed9 chuy\u1ec3n \u0111\u1ed5i ti\u1ec1n t\u1ec7<\/a><\/div>\t\t\t\t<\/div>\n\t\t\t\t<\/div>\n\t\t\t\t<\/div>\n\t\t<div class=\"elementor-element elementor-element-05e80e3 e-con-full image-icons-2-columns-card e-flex e-con e-child\" data-id=\"05e80e3\" data-element_type=\"container\" data-e-type=\"container\">\n\t\t\t\t<div class=\"elementor-element elementor-element-2e24f60 elementor-widget elementor-widget-image\" data-id=\"2e24f60\" data-element_type=\"widget\" data-e-type=\"widget\" data-widget_type=\"image.default\">\n\t\t\t\t<div class=\"elementor-widget-container\">\n\t\t\t\t\t\t\t\t\t\t\t\t\t\t\t<img decoding=\"async\" width=\"800\" height=\"800\" src=\"https:\/\/OneRoyal.academy\/wp-content\/uploads\/2025\/06\/Featured-icon-1.svg\" class=\"attachment-large size-large wp-image-1330\" alt=\"Pip Value Calculator\" \/>\t\t\t\t\t\t\t\t\t\t\t\t\t\t\t<\/div>\n\t\t\t\t<\/div>\n\t\t\t\t<div class=\"elementor-element elementor-element-52ec94f image-icons-2-columns-card-title elementor-widget elementor-widget-heading\" data-id=\"52ec94f\" data-element_type=\"widget\" data-e-type=\"widget\" data-widget_type=\"heading.default\">\n\t\t\t\t<div class=\"elementor-widget-container\">\n\t\t\t\t\t<h4 class=\"elementor-heading-title elementor-size-default\">M\u00e1y t\u00ednh gi\u00e1 tr\u1ecb Pip<\/h4>\t\t\t\t<\/div>\n\t\t\t\t<\/div>\n\t\t\t\t<div class=\"elementor-element elementor-element-90b60fd image-icons-2-columns-card-description elementor-widget elementor-widget-text-editor\" data-id=\"90b60fd\" data-element_type=\"widget\" data-e-type=\"widget\" data-widget_type=\"text-editor.default\">\n\t\t\t\t<div class=\"elementor-widget-container\">\n\t\t\t\t\t\t\t\t\tS\u1eed d\u1ee5ng c\u00f4ng c\u1ee5 r\u1ee7i ro ngo\u1ea1i h\u1ed1i n\u00e0y \u0111\u1ec3 bi\u1ebft gi\u00e1 tr\u1ecb tr\u00ean m\u1ed7i pip theo lo\u1ea1i ti\u1ec1n t\u1ec7 c\u01a1 s\u1edf c\u1ee7a b\u1ea1n.\t\t\t\t\t\t\t\t<\/div>\n\t\t\t\t<\/div>\n\t\t\t\t<div class=\"elementor-element elementor-element-6ad8995 image-icons-2-columns-card-link elementor-widget elementor-widget-heading\" data-id=\"6ad8995\" data-element_type=\"widget\" data-e-type=\"widget\" data-widget_type=\"heading.default\">\n\t\t\t\t<div class=\"elementor-widget-container\">\n\t\t\t\t\t<div class=\"elementor-heading-title elementor-size-default\"><a href=\"\/vi\/calculators\/pip-calculator\/\">S\u1eed d\u1ee5ng M\u00e1y t\u00ednh gi\u00e1 tr\u1ecb Pip<\/a><\/div>\t\t\t\t<\/div>\n\t\t\t\t<\/div>\n\t\t\t\t<\/div>\n\t\t<div class=\"elementor-element elementor-element-334f54e e-con-full image-icons-2-columns-card e-flex e-con e-child\" data-id=\"334f54e\" data-element_type=\"container\" data-e-type=\"container\">\n\t\t\t\t<div class=\"elementor-element elementor-element-408d7ab elementor-widget elementor-widget-image\" data-id=\"408d7ab\" data-element_type=\"widget\" data-e-type=\"widget\" data-widget_type=\"image.default\">\n\t\t\t\t<div class=\"elementor-widget-container\">\n\t\t\t\t\t\t\t\t\t\t\t\t\t\t\t<img loading=\"lazy\" decoding=\"async\" width=\"800\" height=\"800\" src=\"https:\/\/OneRoyal.academy\/wp-content\/uploads\/2025\/06\/Featured-icon-3.svg\" class=\"attachment-large size-large wp-image-1331\" alt=\"Profit Calculator\" \/>\t\t\t\t\t\t\t\t\t\t\t\t\t\t\t<\/div>\n\t\t\t\t<\/div>\n\t\t\t\t<div class=\"elementor-element elementor-element-2b6cdeb image-icons-2-columns-card-title elementor-widget elementor-widget-heading\" data-id=\"2b6cdeb\" data-element_type=\"widget\" data-e-type=\"widget\" data-widget_type=\"heading.default\">\n\t\t\t\t<div class=\"elementor-widget-container\">\n\t\t\t\t\t<h4 class=\"elementor-heading-title elementor-size-default\">M\u00e1y t\u00ednh l\u1ee3i nhu\u1eadn<\/h4>\t\t\t\t<\/div>\n\t\t\t\t<\/div>\n\t\t\t\t<div class=\"elementor-element elementor-element-4039be5 image-icons-2-columns-card-description elementor-widget elementor-widget-text-editor\" data-id=\"4039be5\" data-element_type=\"widget\" data-e-type=\"widget\" data-widget_type=\"text-editor.default\">\n\t\t\t\t<div class=\"elementor-widget-container\">\n\t\t\t\t\t\t\t\t\tX\u00e1c \u0111\u1ecbnh l\u1ee3i nhu\u1eadn (ho\u1eb7c l\u1ed7) t\u1eeb m\u1ed9t giao d\u1ecbch. S\u1eed d\u1ee5ng nh\u01b0 m\u1ed9t c\u00f4ng c\u1ee5 t\u00ednh to\u00e1n quy m\u00f4 v\u1ecb th\u1ebf.\t\t\t\t\t\t\t\t<\/div>\n\t\t\t\t<\/div>\n\t\t\t\t<div class=\"elementor-element elementor-element-f25d933 image-icons-2-columns-card-link elementor-widget elementor-widget-heading\" data-id=\"f25d933\" data-element_type=\"widget\" data-e-type=\"widget\" data-widget_type=\"heading.default\">\n\t\t\t\t<div class=\"elementor-widget-container\">\n\t\t\t\t\t<div class=\"elementor-heading-title elementor-size-default\"><a href=\"\/vi\/calculators\/profit-calculator\/\">S\u1eed d\u1ee5ng M\u00e1y t\u00ednh l\u1ee3i nhu\u1eadn<\/a><\/div>\t\t\t\t<\/div>\n\t\t\t\t<\/div>\n\t\t\t\t<\/div>\n\t\t\t\t<\/div>\n\t\t<div class=\"elementor-element elementor-element-fb51f32 e-con-full image e-flex e-con e-child\" data-id=\"fb51f32\" data-element_type=\"container\" data-e-type=\"container\" data-settings=\"{&quot;background_background&quot;:&quot;classic&quot;}\">\n\t\t\t\t<\/div>\n\t\t\t\t\t<\/div>\n\t\t\t\t<\/div>\n\t\t<div class=\"elementor-element elementor-element-071ccf2 e-flex e-con-boxed e-con e-parent\" data-id=\"071ccf2\" data-element_type=\"container\" data-e-type=\"container\" data-settings=\"{&quot;background_background&quot;:&quot;classic&quot;}\">\n\t\t\t\t\t<div class=\"e-con-inner\">\n\t\t<div class=\"elementor-element elementor-element-626d887 e-con-full e-flex e-con e-child\" data-id=\"626d887\" data-element_type=\"container\" data-e-type=\"container\" data-settings=\"{&quot;background_background&quot;:&quot;classic&quot;}\">\n\t\t<div class=\"elementor-element elementor-element-2605013 e-con-full e-flex e-con e-child\" data-id=\"2605013\" data-element_type=\"container\" data-e-type=\"container\">\n\t\t\t\t<div class=\"elementor-element elementor-element-e923702 elementor-widget elementor-widget-heading\" data-id=\"e923702\" data-element_type=\"widget\" data-e-type=\"widget\" data-widget_type=\"heading.default\">\n\t\t\t\t<div class=\"elementor-widget-container\">\n\t\t\t\t\t<h3 class=\"elementor-heading-title elementor-size-default\">B\u1ea1n c\u00f3 th\u1eafc m\u1eafc? H\u00e3y li\u00ean h\u1ec7 v\u1edbi \u0111\u1ed9i ng\u0169 h\u1ed7 tr\u1ee3 t\u1eebng \u0111o\u1ea1t gi\u1ea3i th\u01b0\u1edfng c\u1ee7a ch\u00fang t\u00f4i.\u00a0<\/h3>\t\t\t\t<\/div>\n\t\t\t\t<\/div>\n\t\t\t\t<div class=\"elementor-element elementor-element-8c1abcc elementor-widget elementor-widget-text-editor\" data-id=\"8c1abcc\" data-element_type=\"widget\" data-e-type=\"widget\" data-widget_type=\"text-editor.default\">\n\t\t\t\t<div class=\"elementor-widget-container\">\n\t\t\t\t\t\t\t\t\t<p>Tham gia OneRoyal v\u00e0 nh\u1eadn m\u1ecdi c\u00f4ng c\u1ee5 b\u1ea1n c\u1ea7n cho giao d\u1ecbch ngo\u1ea1i h\u1ed1i th\u00f4ng minh.<\/p>\t\t\t\t\t\t\t\t<\/div>\n\t\t\t\t<\/div>\n\t\t\t\t<\/div>\n\t\t<div class=\"elementor-element elementor-element-6ced5a1 e-con-full ctas e-flex e-con e-child\" data-id=\"6ced5a1\" data-element_type=\"container\" data-e-type=\"container\">\n\t\t\t\t<div class=\"elementor-element elementor-element-27aa05d btn-royal elementor-widget elementor-widget-button\" data-id=\"27aa05d\" data-element_type=\"widget\" data-e-type=\"widget\" data-widget_type=\"button.default\">\n\t\t\t\t<div class=\"elementor-widget-container\">\n\t\t\t\t\t\t\t\t\t<div class=\"elementor-button-wrapper\">\n\t\t\t\t\t<a class=\"elementor-button elementor-button-link elementor-size-sm\" href=\"https:\/\/www.OneRoyal.com\/vi\/open-account\/sign-up?set_lang=vi\">\n\t\t\t\t\t\t<span class=\"elementor-button-content-wrapper\">\n\t\t\t\t\t\t\t\t\t<span class=\"elementor-button-text\">M\u1edf t\u00e0i kho\u1ea3n<\/span>\n\t\t\t\t\t<\/span>\n\t\t\t\t\t<\/a>\n\t\t\t\t<\/div>\n\t\t\t\t\t\t\t\t<\/div>\n\t\t\t\t<\/div>\n\t\t\t\t<\/div>\n\t\t\t\t<\/div>\n\t\t\t\t\t<\/div>\n\t\t\t\t<\/div>\n\t\t\t\t<\/div>","protected":false},"excerpt":{"rendered":"<p>C\u00f3 c\u00e2u h\u1ecfi? H\u00e3y li\u00ean h\u1ec7 v\u1edbi \u0111\u1ed9i ng\u0169 h\u1ed7 tr\u1ee3 \u0111\u1ea1t gi\u1ea3i th\u01b0\u1edfng c\u1ee7a ch\u00fang t\u00f4i. Tham gia OneRoyal v\u00e0 nh\u1eadn t\u1ea5t c\u1ea3 c\u00e1c c\u00f4ng c\u1ee5 c\u1ea7n thi\u1ebft cho giao d\u1ecbch forex th\u00f4ng minh. M\u1edf t\u00e0i kho\u1ea3n<\/p>","protected":false},"author":4,"featured_media":0,"parent":0,"menu_order":0,"comment_status":"closed","ping_status":"closed","template":"","meta":{"_acf_changed":false,"inline_featured_image":false,"footnotes":""},"class_list":["post-1127","page","type-page","status-publish","hentry"],"acf":[],"_links":{"self":[{"href":"https:\/\/oneroyal.academy\/vi\/wp-json\/wp\/v2\/pages\/1127","targetHints":{"allow":["GET"]}}],"collection":[{"href":"https:\/\/oneroyal.academy\/vi\/wp-json\/wp\/v2\/pages"}],"about":[{"href":"https:\/\/oneroyal.academy\/vi\/wp-json\/wp\/v2\/types\/page"}],"author":[{"embeddable":true,"href":"https:\/\/oneroyal.academy\/vi\/wp-json\/wp\/v2\/users\/4"}],"replies":[{"embeddable":true,"href":"https:\/\/oneroyal.academy\/vi\/wp-json\/wp\/v2\/comments?post=1127"}],"version-history":[{"count":61,"href":"https:\/\/oneroyal.academy\/vi\/wp-json\/wp\/v2\/pages\/1127\/revisions"}],"predecessor-version":[{"id":1861,"href":"https:\/\/oneroyal.academy\/vi\/wp-json\/wp\/v2\/pages\/1127\/revisions\/1861"}],"wp:attachment":[{"href":"https:\/\/oneroyal.academy\/vi\/wp-json\/wp\/v2\/media?parent=1127"}],"curies":[{"name":"wp","href":"https:\/\/api.w.org\/{rel}","templated":true}]}}