{"id":34,"date":"2025-04-08T12:59:51","date_gmt":"2025-04-08T12:59:51","guid":{"rendered":"https:\/\/oneroyal.academy\/?page_id=34"},"modified":"2025-12-15T13:38:37","modified_gmt":"2025-12-15T13:38:37","slug":"trading-eas","status":"publish","type":"page","link":"https:\/\/oneroyal.academy\/vi\/trading-eas\/","title":{"rendered":"Giao d\u1ecbch v\u1edbi EA"},"content":{"rendered":"<div data-elementor-type=\"wp-page\" data-elementor-id=\"34\" class=\"elementor elementor-34\" data-elementor-post-type=\"page\">\n\t\t\t\t<div class=\"elementor-element elementor-element-cf0c1d7 e-con-full hero-section-wrapper e-flex e-con e-parent\" data-id=\"cf0c1d7\" data-element_type=\"container\" data-e-type=\"container\">\n\t\t\t\t<div class=\"elementor-element elementor-element-b27cc2a elementor-widget elementor-widget-template\" data-id=\"b27cc2a\" data-element_type=\"widget\" data-e-type=\"widget\" data-widget_type=\"template.default\">\n\t\t\t\t<div class=\"elementor-widget-container\">\n\t\t\t\t\t\t\t<div class=\"elementor-template\">\n\t\t\t\t\t<div data-elementor-type=\"section\" data-elementor-id=\"75\" class=\"elementor elementor-75\" data-elementor-post-type=\"elementor_library\">\n\t\t\t<div class=\"elementor-element elementor-element-7ab5fd80 hero-section e-flex e-con-boxed e-con e-parent\" data-id=\"7ab5fd80\" data-element_type=\"container\" data-e-type=\"container\">\n\t\t\t\t\t<div class=\"e-con-inner\">\n\t\t<div class=\"elementor-element elementor-element-515a88e e-con-full left e-flex e-con e-child\" data-id=\"515a88e\" data-element_type=\"container\" data-e-type=\"container\">\n\t\t\t\t<div class=\"elementor-element elementor-element-1e73acea hero-heading elementor-widget elementor-widget-heading\" data-id=\"1e73acea\" data-element_type=\"widget\" data-e-type=\"widget\" data-widget_type=\"heading.default\">\n\t\t\t\t<div class=\"elementor-widget-container\">\n\t\t\t\t\t<h1 class=\"elementor-heading-title elementor-size-default\">Giao d\u1ecbch v\u1edbi Expert Advisors (EA)<\/h1>\t\t\t\t<\/div>\n\t\t\t\t<\/div>\n\t\t\t\t<div class=\"elementor-element elementor-element-f81ef53 hero-description elementor-widget elementor-widget-heading\" data-id=\"f81ef53\" data-element_type=\"widget\" data-e-type=\"widget\" data-widget_type=\"heading.default\">\n\t\t\t\t<div class=\"elementor-widget-container\">\n\t\t\t\t\t<p class=\"elementor-heading-title elementor-size-default\">H\u1ecdc c\u00e1ch c\u00e1c h\u1ec7 th\u1ed1ng giao d\u1ecbch t\u1ef1 \u0111\u1ed9ng (EAs) ho\u1ea1t \u0111\u1ed9ng v\u00e0 t\u1ef1 \u0111\u1ed9ng h\u00f3a giao d\u1ecbch \u0111\u1ec3 t\u0103ng ti\u1ec1m n\u0103ng l\u1ee3i nhu\u1eadn c\u1ee7a b\u1ea1n.<\/p>\t\t\t\t<\/div>\n\t\t\t\t<\/div>\n\t\t<div class=\"elementor-element elementor-element-f2b1eac e-con-full ctas e-flex e-con e-child\" data-id=\"f2b1eac\" data-element_type=\"container\" data-e-type=\"container\">\n\t\t\t\t<\/div>\n\t\t\t\t<\/div>\n\t\t<div class=\"elementor-element elementor-element-591de12a e-con-full right e-flex e-con e-child\" data-id=\"591de12a\" data-element_type=\"container\" data-e-type=\"container\" data-settings=\"{&quot;background_background&quot;:&quot;classic&quot;}\">\n\t\t\t\t<\/div>\n\t\t\t\t\t<\/div>\n\t\t\t\t<\/div>\n\t\t\t\t<\/div>\n\t\t\t\t<\/div>\n\t\t\t\t\t\t<\/div>\n\t\t\t\t<\/div>\n\t\t\t\t<\/div>\n\t\t<div class=\"elementor-element elementor-element-b9cf54e image-text-bloc-2c-container e-flex e-con-boxed e-con e-parent\" data-id=\"b9cf54e\" data-element_type=\"container\" data-e-type=\"container\">\n\t\t\t\t\t<div class=\"e-con-inner\">\n\t\t\t\t<div class=\"elementor-element elementor-element-ed84677 elementor-widget elementor-widget-template\" data-id=\"ed84677\" data-element_type=\"widget\" data-e-type=\"widget\" data-widget_type=\"template.default\">\n\t\t\t\t<div class=\"elementor-widget-container\">\n\t\t\t\t\t\t\t<div class=\"elementor-template\">\n\t\t\t\t\t<div data-elementor-type=\"section\" data-elementor-id=\"72\" class=\"elementor elementor-72\" data-elementor-post-type=\"elementor_library\">\n\t\t\t<div class=\"elementor-element elementor-element-72bc0faf image-text-bloc-2c e-flex e-con-boxed e-con e-parent\" data-id=\"72bc0faf\" data-element_type=\"container\" data-e-type=\"container\">\n\t\t\t\t\t<div class=\"e-con-inner\">\n\t\t<div class=\"elementor-element elementor-element-2668c3 e-con-full image e-flex e-con e-child\" data-id=\"2668c3\" data-element_type=\"container\" data-e-type=\"container\" data-settings=\"{&quot;background_background&quot;:&quot;classic&quot;}\">\n\t\t\t\t<\/div>\n\t\t<div class=\"elementor-element elementor-element-2be4ecb9 e-con-full e-flex e-con e-child\" data-id=\"2be4ecb9\" data-element_type=\"container\" data-e-type=\"container\">\n\t\t\t\t<div class=\"elementor-element elementor-element-648fd18b t-36 elementor-widget elementor-widget-heading\" data-id=\"648fd18b\" data-element_type=\"widget\" data-e-type=\"widget\" data-widget_type=\"heading.default\">\n\t\t\t\t<div class=\"elementor-widget-container\">\n\t\t\t\t\t<h2 class=\"elementor-heading-title elementor-size-default\">C\u1ea3i thi\u1ec7n hi\u1ec7u qu\u1ea3 v\u00e0 t\u1ed1c \u0111\u1ed9 v\u1edbi giao d\u1ecbch t\u1ef1 \u0111\u1ed9ng<\/h2>\t\t\t\t<\/div>\n\t\t\t\t<\/div>\n\t\t\t\t<div class=\"elementor-element elementor-element-66d2ac53 t-18 elementor-widget elementor-widget-heading\" data-id=\"66d2ac53\" data-element_type=\"widget\" data-e-type=\"widget\" data-widget_type=\"heading.default\">\n\t\t\t\t<div class=\"elementor-widget-container\">\n\t\t\t\t\t<p class=\"elementor-heading-title elementor-size-default\"><p>X\u00e1c \u0111\u1ecbnh v\u00e0 th\u1ef1c hi\u1ec7n nhi\u1ec1u c\u01a1 h\u1ed9i h\u01a1n b\u1eb1ng c\u00e1ch giao d\u1ecbch v\u1edbi EA. Expert Advisors c\u0169ng gi\u00fap c\u00e1c nh\u00e0 giao d\u1ecbch tr\u00e1nh xa c\u1ea3m x\u00fac trong c\u00e1c chi\u1ebfn l\u01b0\u1ee3c giao d\u1ecbch.<\/p>\n<p>T\u00ecm hi\u1ec3u c\u00e1ch EA ho\u1ea1t \u0111\u1ed9ng v\u00e0 c\u00e1ch tri\u1ec3n khai EA t\u00f9y ch\u1ec9nh. Ph\u00e1t tri\u1ec3n c\u00e1ch ti\u1ebfp c\u1eadn ri\u00eang c\u1ee7a b\u1ea1n \u0111\u1ed1i v\u1edbi giao d\u1ecbch t\u1ef1 \u0111\u1ed9ng.<\/p>\n<\/p>\t\t\t\t<\/div>\n\t\t\t\t<\/div>\n\t\t\t\t<\/div>\n\t\t\t\t\t<\/div>\n\t\t\t\t<\/div>\n\t\t\t\t<\/div>\n\t\t\t\t<\/div>\n\t\t\t\t\t\t<\/div>\n\t\t\t\t<\/div>\n\t\t\t\t\t<\/div>\n\t\t\t\t<\/div>\n\t\t<div class=\"elementor-element elementor-element-1061378 category-page-post-section e-flex e-con-boxed e-con e-parent\" data-id=\"1061378\" data-element_type=\"container\" data-e-type=\"container\">\n\t\t\t\t\t<div class=\"e-con-inner\">\n\t\t\t\t<div class=\"elementor-element elementor-element-9222aab elementor-widget elementor-widget-heading\" data-id=\"9222aab\" data-element_type=\"widget\" data-e-type=\"widget\" data-widget_type=\"heading.default\">\n\t\t\t\t<div class=\"elementor-widget-container\">\n\t\t\t\t\t<h3 class=\"elementor-heading-title elementor-size-default\">T\u1eadn h\u01b0\u1edfng giao d\u1ecbch r\u1ea3nh tay: T\u00ecm hi\u1ec3u v\u1ec1 t\u1ef1 \u0111\u1ed9ng h\u00f3a v\u1edbi EA<\/h3>\t\t\t\t<\/div>\n\t\t\t\t<\/div>\n\t\t\t\t<div class=\"elementor-element elementor-element-82feca0 elementor-posts--thumbnail-top elementor-grid-3 elementor-grid-tablet-2 elementor-grid-mobile-1 elementor-widget elementor-widget-posts\" data-id=\"82feca0\" data-element_type=\"widget\" data-e-type=\"widget\" data-settings=\"{&quot;custom_row_gap&quot;:{&quot;unit&quot;:&quot;px&quot;,&quot;size&quot;:64,&quot;sizes&quot;:[]},&quot;custom_columns&quot;:&quot;3&quot;,&quot;custom_columns_tablet&quot;:&quot;2&quot;,&quot;custom_columns_mobile&quot;:&quot;1&quot;,&quot;custom_row_gap_tablet&quot;:{&quot;unit&quot;:&quot;px&quot;,&quot;size&quot;:&quot;&quot;,&quot;sizes&quot;:[]},&quot;custom_row_gap_mobile&quot;:{&quot;unit&quot;:&quot;px&quot;,&quot;size&quot;:&quot;&quot;,&quot;sizes&quot;:[]}}\" data-widget_type=\"posts.custom\">\n\t\t\t\t<div class=\"elementor-widget-container\">\n\t\t\t\t\t      <div class=\"ecs-posts elementor-posts-container elementor-posts   elementor-grid elementor-posts--skin-custom\" data-settings=\"{&quot;current_page&quot;:1,&quot;max_num_pages&quot;:1,&quot;load_method&quot;:&quot;loadmore&quot;,&quot;widget_id&quot;:&quot;82feca0&quot;,&quot;post_id&quot;:34,&quot;theme_id&quot;:34,&quot;change_url&quot;:false,&quot;reinit_js&quot;:false}\">\n      \t\t<article id=\"post-549\" class=\"elementor-post elementor-grid-item ecs-post-loop post-549 post type-post status-publish format-standard hentry category-trading-with-eas\">\n\t\t\t\t<div data-elementor-type=\"loop\" data-elementor-id=\"770\" class=\"elementor elementor-770 post-549 post type-post status-publish format-standard hentry category-trading-with-eas\" data-elementor-post-type=\"elementor_library\">\n\t\t\t<div class=\"elementor-element elementor-element-9fea978 category-page-posts-section-post-wrapper e-flex e-con-boxed e-con e-parent\" data-id=\"9fea978\" data-element_type=\"container\" data-e-type=\"container\">\n\t\t\t\t\t<div class=\"e-con-inner\">\n\t\t\t\t<div class=\"elementor-element elementor-element-3754f32 post-image elementor-widget elementor-widget-image\" data-id=\"3754f32\" data-element_type=\"widget\" data-e-type=\"widget\" data-widget_type=\"image.default\">\n\t\t\t\t<div class=\"elementor-widget-container\">\n\t\t\t\t\t\t\t\t\t\t\t\t\t\t\t<img fetchpriority=\"high\" decoding=\"async\" width=\"1408\" height=\"1386\" src=\"https:\/\/OneRoyal.academy\/wp-content\/uploads\/2025\/04\/eas-hero.webp\" class=\"attachment-full size-full wp-image-267\" alt=\"EAS Hero\" srcset=\"https:\/\/OneRoyal.academy\/wp-content\/uploads\/2025\/04\/eas-hero.webp 1408w, https:\/\/OneRoyal.academy\/wp-content\/uploads\/2025\/04\/eas-hero-300x295.webp 300w, https:\/\/OneRoyal.academy\/wp-content\/uploads\/2025\/04\/eas-hero-1024x1008.webp 1024w, https:\/\/OneRoyal.academy\/wp-content\/uploads\/2025\/04\/eas-hero-768x756.webp 768w\" sizes=\"(max-width: 1408px) 100vw, 1408px\" \/>\t\t\t\t\t\t\t\t\t\t\t\t\t\t\t<\/div>\n\t\t\t\t<\/div>\n\t\t<div class=\"elementor-element elementor-element-4f742c2 e-con-full category-page-posts-section-post-content e-flex e-con e-child\" data-id=\"4f742c2\" data-element_type=\"container\" data-e-type=\"container\">\n\t\t\t\t<div class=\"elementor-element elementor-element-ba30455 post-title elementor-widget elementor-widget-heading\" data-id=\"ba30455\" data-element_type=\"widget\" data-e-type=\"widget\" data-widget_type=\"heading.default\">\n\t\t\t\t<div class=\"elementor-widget-container\">\n\t\t\t\t\t<h3 class=\"elementor-heading-title elementor-size-default\">C\u00e1ch ch\u1ecdn \u0111\u00fang chuy\u00ean gia t\u01b0 v\u1ea5n (EA) cho b\u1ea1n<\/h3>\t\t\t\t<\/div>\n\t\t\t\t<\/div>\n\t\t\t\t<div class=\"elementor-element elementor-element-58ae3c6 post-summary elementor-widget elementor-widget-text-editor\" data-id=\"58ae3c6\" data-element_type=\"widget\" data-e-type=\"widget\" data-widget_type=\"text-editor.default\">\n\t\t\t\t<div class=\"elementor-widget-container\">\n\t\t\t\t\t\t\t\t\tH\u00e3y \u0111\u1ed1i m\u1eb7t v\u1edbi n\u00f3, giao d\u1ecbch t\u1ef1 \u0111\u1ed9ng c\u00f3 th\u1ec3 gi\u1ed1ng nh\u01b0 c\u01a1n s\u1ed1t v\u00e0ng. \u1ede m\u1ecdi n\u01a1i b\u1ea1n \u0111\u1ebfn, ai \u0111\u00f3 \u0111\u1ec1u h\u1ee9a h\u1eb9n m\u1ed9t EA c\u1eafm v\u00e0 ch\u1ea1y s\u1ebd khi\u1ebfn b\u1ea1n nh\u00e2m nhi cocktail\t\t\t\t\t\t\t\t<\/div>\n\t\t\t\t<\/div>\n\t\t\t\t<div class=\"elementor-element elementor-element-3c8fd2f post-cta elementor-widget elementor-widget-button\" data-id=\"3c8fd2f\" data-element_type=\"widget\" data-e-type=\"widget\" data-widget_type=\"button.default\">\n\t\t\t\t<div class=\"elementor-widget-container\">\n\t\t\t\t\t\t\t\t\t<div class=\"elementor-button-wrapper\">\n\t\t\t\t\t<a class=\"elementor-button elementor-button-link elementor-size-sm\" href=\"https:\/\/OneRoyal.academy\/vi\/trading-with-eas\/how-to-choose-the-right-expert-advisor-ea-for-you\/\">\n\t\t\t\t\t\t<span class=\"elementor-button-content-wrapper\">\n\t\t\t\t\t\t\t\t\t<span class=\"elementor-button-text\">T\u00ecm hi\u1ec3u th\u00eam<\/span>\n\t\t\t\t\t<\/span>\n\t\t\t\t\t<\/a>\n\t\t\t\t<\/div>\n\t\t\t\t\t\t\t\t<\/div>\n\t\t\t\t<\/div>\n\t\t\t\t<\/div>\n\t\t\t\t\t<\/div>\n\t\t\t\t<\/div>\n\t\t\t\t<\/div>\n\t\t\t\t<\/article>\n\t\t\t\t<article id=\"post-547\" class=\"elementor-post elementor-grid-item ecs-post-loop post-547 post type-post status-publish format-standard hentry category-trading-with-eas\">\n\t\t\t\t<div data-elementor-type=\"loop\" data-elementor-id=\"770\" class=\"elementor elementor-770 post-547 post type-post status-publish format-standard hentry category-trading-with-eas\" data-elementor-post-type=\"elementor_library\">\n\t\t\t<div class=\"elementor-element elementor-element-9fea978 category-page-posts-section-post-wrapper e-flex e-con-boxed e-con e-parent\" data-id=\"9fea978\" data-element_type=\"container\" data-e-type=\"container\">\n\t\t\t\t\t<div class=\"e-con-inner\">\n\t\t\t\t<div class=\"elementor-element elementor-element-3754f32 post-image elementor-widget elementor-widget-image\" data-id=\"3754f32\" data-element_type=\"widget\" data-e-type=\"widget\" data-widget_type=\"image.default\">\n\t\t\t\t<div class=\"elementor-widget-container\">\n\t\t\t\t\t\t\t\t\t\t\t\t\t\t\t<img fetchpriority=\"high\" decoding=\"async\" width=\"1408\" height=\"1386\" src=\"https:\/\/OneRoyal.academy\/wp-content\/uploads\/2025\/04\/eas-hero.webp\" class=\"attachment-full size-full wp-image-267\" alt=\"EAS Hero\" srcset=\"https:\/\/OneRoyal.academy\/wp-content\/uploads\/2025\/04\/eas-hero.webp 1408w, https:\/\/OneRoyal.academy\/wp-content\/uploads\/2025\/04\/eas-hero-300x295.webp 300w, https:\/\/OneRoyal.academy\/wp-content\/uploads\/2025\/04\/eas-hero-1024x1008.webp 1024w, https:\/\/OneRoyal.academy\/wp-content\/uploads\/2025\/04\/eas-hero-768x756.webp 768w\" sizes=\"(max-width: 1408px) 100vw, 1408px\" \/>\t\t\t\t\t\t\t\t\t\t\t\t\t\t\t<\/div>\n\t\t\t\t<\/div>\n\t\t<div class=\"elementor-element elementor-element-4f742c2 e-con-full category-page-posts-section-post-content e-flex e-con e-child\" data-id=\"4f742c2\" data-element_type=\"container\" data-e-type=\"container\">\n\t\t\t\t<div class=\"elementor-element elementor-element-ba30455 post-title elementor-widget elementor-widget-heading\" data-id=\"ba30455\" data-element_type=\"widget\" data-e-type=\"widget\" data-widget_type=\"heading.default\">\n\t\t\t\t<div class=\"elementor-widget-container\">\n\t\t\t\t\t<h3 class=\"elementor-heading-title elementor-size-default\">C\u1ed1 v\u1ea5n chuy\u00ean gia (EA) l\u00e0 g\u00ec?<\/h3>\t\t\t\t<\/div>\n\t\t\t\t<\/div>\n\t\t\t\t<div class=\"elementor-element elementor-element-58ae3c6 post-summary elementor-widget elementor-widget-text-editor\" data-id=\"58ae3c6\" data-element_type=\"widget\" data-e-type=\"widget\" data-widget_type=\"text-editor.default\">\n\t\t\t\t<div class=\"elementor-widget-container\">\n\t\t\t\t\t\t\t\t\tExpert Advisors (EA) l\u00e0 h\u1ec7 th\u1ed1ng giao d\u1ecbch t\u1ef1 \u0111\u1ed9ng th\u1ef1c hi\u1ec7n giao d\u1ecbch thay m\u1eb7t b\u1ea1n d\u1ef1a tr\u00ean c\u00e1c quy t\u1eafc v\u00e0 thu\u1eadt to\u00e1n \u0111\u01b0\u1ee3c x\u00e1c \u0111\u1ecbnh tr\u01b0\u1edbc. C\u00e1c c\u00f4ng c\u1ee5 m\u1ea1nh m\u1ebd n\u00e0y ch\u1ea1y tr\u00ean\t\t\t\t\t\t\t\t<\/div>\n\t\t\t\t<\/div>\n\t\t\t\t<div class=\"elementor-element elementor-element-3c8fd2f post-cta elementor-widget elementor-widget-button\" data-id=\"3c8fd2f\" data-element_type=\"widget\" data-e-type=\"widget\" data-widget_type=\"button.default\">\n\t\t\t\t<div class=\"elementor-widget-container\">\n\t\t\t\t\t\t\t\t\t<div class=\"elementor-button-wrapper\">\n\t\t\t\t\t<a class=\"elementor-button elementor-button-link elementor-size-sm\" href=\"https:\/\/OneRoyal.academy\/vi\/trading-with-eas\/what-are-expert-advisors-eas\/\">\n\t\t\t\t\t\t<span class=\"elementor-button-content-wrapper\">\n\t\t\t\t\t\t\t\t\t<span class=\"elementor-button-text\">T\u00ecm hi\u1ec3u th\u00eam<\/span>\n\t\t\t\t\t<\/span>\n\t\t\t\t\t<\/a>\n\t\t\t\t<\/div>\n\t\t\t\t\t\t\t\t<\/div>\n\t\t\t\t<\/div>\n\t\t\t\t<\/div>\n\t\t\t\t\t<\/div>\n\t\t\t\t<\/div>\n\t\t\t\t<\/div>\n\t\t\t\t<\/article>\n\t\t\t\t<\/div>\n\t\t\t\t\t\t<\/div>\n\t\t\t\t<\/div>\n\t\t\t\t\t<\/div>\n\t\t\t\t<\/div>\n\t\t\t\t<\/div>","protected":false},"excerpt":{"rendered":"","protected":false},"author":4,"featured_media":0,"parent":0,"menu_order":0,"comment_status":"closed","ping_status":"closed","template":"","meta":{"_acf_changed":false,"inline_featured_image":false,"footnotes":""},"class_list":["post-34","page","type-page","status-publish","hentry"],"acf":[],"_links":{"self":[{"href":"https:\/\/oneroyal.academy\/vi\/wp-json\/wp\/v2\/pages\/34","targetHints":{"allow":["GET"]}}],"collection":[{"href":"https:\/\/oneroyal.academy\/vi\/wp-json\/wp\/v2\/pages"}],"about":[{"href":"https:\/\/oneroyal.academy\/vi\/wp-json\/wp\/v2\/types\/page"}],"author":[{"embeddable":true,"href":"https:\/\/oneroyal.academy\/vi\/wp-json\/wp\/v2\/users\/4"}],"replies":[{"embeddable":true,"href":"https:\/\/oneroyal.academy\/vi\/wp-json\/wp\/v2\/comments?post=34"}],"version-history":[{"count":21,"href":"https:\/\/oneroyal.academy\/vi\/wp-json\/wp\/v2\/pages\/34\/revisions"}],"predecessor-version":[{"id":2041,"href":"https:\/\/oneroyal.academy\/vi\/wp-json\/wp\/v2\/pages\/34\/revisions\/2041"}],"wp:attachment":[{"href":"https:\/\/oneroyal.academy\/vi\/wp-json\/wp\/v2\/media?parent=34"}],"curies":[{"name":"wp","href":"https:\/\/api.w.org\/{rel}","templated":true}]}}